{"id":24139,"date":"2025-04-15T12:27:32","date_gmt":"2025-04-15T10:27:32","guid":{"rendered":"https:\/\/duedformazione.it\/?page_id=24139"},"modified":"2025-04-15T18:27:28","modified_gmt":"2025-04-15T16:27:28","slug":"centralinista-ipovedente-corso-gratuito","status":"publish","type":"page","link":"https:\/\/duedformazione.it\/?page_id=24139","title":{"rendered":"Centralinista telefonico non vedente o ipovedente &#8211; Corso gratuito"},"content":{"rendered":"\t\t<div data-elementor-type=\"wp-page\" data-elementor-id=\"24139\" class=\"elementor elementor-24139\" data-elementor-post-type=\"page\">\n\t\t\t\t\t\t<section class=\"elementor-section elementor-top-section elementor-element elementor-element-9a6cbd5 elementor-section-boxed elementor-section-height-default elementor-section-height-default\" data-id=\"9a6cbd5\" data-element_type=\"section\" data-e-type=\"section\">\n\t\t\t\t\t\t<div class=\"elementor-container elementor-column-gap-default\">\n\t\t\t\t\t<div class=\"elementor-column elementor-col-100 elementor-top-column elementor-element elementor-element-987a6d0\" data-id=\"987a6d0\" data-element_type=\"column\" data-e-type=\"column\">\n\t\t\t<div class=\"elementor-widget-wrap elementor-element-populated\">\n\t\t\t\t<div class=\"elementor-element elementor-element-56c5dea e-grid e-con-full e-con e-parent\" data-id=\"56c5dea\" data-element_type=\"container\" data-e-type=\"container\">\n\t\t\t\t<div class=\"elementor-element elementor-element-af56cac elementor-widget elementor-widget-image\" data-id=\"af56cac\" data-element_type=\"widget\" data-e-type=\"widget\" data-widget_type=\"image.default\">\n\t\t\t\t<div class=\"elementor-widget-container\">\n\t\t\t\t\t\t\t\t\t\t\t\t\t\t\t<img decoding=\"async\" width=\"800\" height=\"50\" src=\"https:\/\/duedformazione.it\/wp-content\/uploads\/2024\/01\/testata_doc_trasp-1024x64.png\" class=\"attachment-large size-large wp-image-14281\" alt=\"\" srcset=\"https:\/\/duedformazione.it\/wp-content\/uploads\/2024\/01\/testata_doc_trasp-1024x64.png 1024w, https:\/\/duedformazione.it\/wp-content\/uploads\/2024\/01\/testata_doc_trasp-300x19.png 300w, https:\/\/duedformazione.it\/wp-content\/uploads\/2024\/01\/testata_doc_trasp-768x48.png 768w, https:\/\/duedformazione.it\/wp-content\/uploads\/2024\/01\/testata_doc_trasp-600x38.png 600w, https:\/\/duedformazione.it\/wp-content\/uploads\/2024\/01\/testata_doc_trasp.png 1151w\" sizes=\"(max-width: 800px) 100vw, 800px\" \/>\t\t\t\t\t\t\t\t\t\t\t\t\t\t\t<\/div>\n\t\t\t\t<\/div>\n\t\t\t\t<div class=\"elementor-element elementor-element-ec86822 elementor-widget elementor-widget-image\" data-id=\"ec86822\" data-element_type=\"widget\" data-e-type=\"widget\" data-widget_type=\"image.default\">\n\t\t\t\t<div class=\"elementor-widget-container\">\n\t\t\t\t\t\t\t\t\t\t\t\t\t\t\t<img fetchpriority=\"high\" decoding=\"async\" width=\"640\" height=\"500\" src=\"https:\/\/duedformazione.it\/wp-content\/uploads\/2023\/09\/2d-formazione-corsi-accreditati-regione-molise.jpg\" class=\"attachment-large size-large wp-image-13386\" alt=\"\" srcset=\"https:\/\/duedformazione.it\/wp-content\/uploads\/2023\/09\/2d-formazione-corsi-accreditati-regione-molise.jpg 640w, https:\/\/duedformazione.it\/wp-content\/uploads\/2023\/09\/2d-formazione-corsi-accreditati-regione-molise-300x234.jpg 300w, https:\/\/duedformazione.it\/wp-content\/uploads\/2023\/09\/2d-formazione-corsi-accreditati-regione-molise-600x469.jpg 600w\" sizes=\"(max-width: 640px) 100vw, 640px\" \/>\t\t\t\t\t\t\t\t\t\t\t\t\t\t\t<\/div>\n\t\t\t\t<\/div>\n\t\t\t\t<\/div>\n\t\t\t\t<div class=\"elementor-element elementor-element-e0b7834 elementor-widget elementor-widget-text-editor\" data-id=\"e0b7834\" data-element_type=\"widget\" data-e-type=\"widget\" data-widget_type=\"text-editor.default\">\n\t\t\t\t<div class=\"elementor-widget-container\">\n\t\t\t\t\t\t\t\t\t<p>Il <strong>Programma GOL<\/strong> (<em>Garanzia di Occupabilit\u00e0 dei Lavoratori<\/em>) \u00e8 il <strong>programma nazionale di presa in carico dei senza lavoro finalizzato all&#8217;inserimento occupazionale<\/strong>. GOL consente l&#8217;erogazione di servizi specifici di politica attiva del lavoro, con un approccio basato sulla definizione dei livelli essenziali delle prestazioni. Il programma si inserisce nella sezione dedicata alle politiche del lavoro del Piano Nazionale di Ripresa e Resilienza (PNRR).<\/p>\t\t\t\t\t\t\t\t<\/div>\n\t\t\t\t<\/div>\n\t\t\t\t<div class=\"elementor-element elementor-element-783ea4e elementor-align-center elementor-widget-mobile__width-inherit elementor-widget elementor-widget-button\" data-id=\"783ea4e\" data-element_type=\"widget\" data-e-type=\"widget\" data-settings=\"{&quot;_animation&quot;:&quot;none&quot;,&quot;_animation_mobile&quot;:&quot;none&quot;}\" data-widget_type=\"button.default\">\n\t\t\t\t<div class=\"elementor-widget-container\">\n\t\t\t\t\t\t\t\t\t<div class=\"elementor-button-wrapper\">\n\t\t\t\t\t<a class=\"elementor-button elementor-button-link elementor-size-sm\" href=\"https:\/\/duedformazione.it\/programma-gol\/\">\n\t\t\t\t\t\t<span class=\"elementor-button-content-wrapper\">\n\t\t\t\t\t\t\t\t\t<span class=\"elementor-button-text\">Torna ai corsi GOL<\/span>\n\t\t\t\t\t<\/span>\n\t\t\t\t\t<\/a>\n\t\t\t\t<\/div>\n\t\t\t\t\t\t\t\t<\/div>\n\t\t\t\t<\/div>\n\t\t\t\t<div class=\"elementor-element elementor-element-4d5ecba elementor-widget__width-inherit elementor-widget elementor-widget-heading\" data-id=\"4d5ecba\" data-element_type=\"widget\" data-e-type=\"widget\" data-widget_type=\"heading.default\">\n\t\t\t\t<div class=\"elementor-widget-container\">\n\t\t\t\t\t<h2 class=\"elementor-heading-title elementor-size-default\">Centralinista telefonico non vedente o ipovedente<\/h2>\t\t\t\t<\/div>\n\t\t\t\t<\/div>\n\t\t<div class=\"elementor-element elementor-element-b3e5296 e-grid e-con-boxed e-con e-parent\" data-id=\"b3e5296\" data-element_type=\"container\" data-e-type=\"container\">\n\t\t\t\t\t<div class=\"e-con-inner\">\n\t\t\t\t<div class=\"elementor-element elementor-element-e63d1f2 elementor-widget elementor-widget-text-editor\" data-id=\"e63d1f2\" data-element_type=\"widget\" data-e-type=\"widget\" data-widget_type=\"text-editor.default\">\n\t\t\t\t<div class=\"elementor-widget-container\">\n\t\t\t\t\t\t\t\t\t<p class=\"\" data-start=\"191\" data-end=\"422\">Il <strong data-start=\"194\" data-end=\"303\">Corso di Formazione professionale per centralinista telefonico rivolto a persone non vedenti o ipovedenti<\/strong> nasce con l\u2019obiettivo di rispondere in maniera concreta alle esigenze di inclusione lavorativa nel territorio molisano.<\/p><p class=\"\" data-start=\"424\" data-end=\"822\">Sebbene il Molise sia una realt\u00e0 territoriale di piccole dimensioni, ha forti esigenze di crescita e innovazione, soprattutto nei settori dei servizi e della comunicazione. Proprio da tale contesto prende vita un percorso formativo pensato per valorizzare le competenze delle persone con disabilit\u00e0 visiva e offrire loro strumenti reali per l\u2019autonomia professionale.<\/p><p class=\"\" data-start=\"824\" data-end=\"1145\">Il programma, infatti, \u00e8 progettato per fornire <strong data-start=\"872\" data-end=\"933\">competenze tecniche e relazionali altamente specializzate<\/strong>, fondamentali per svolgere con efficacia il ruolo di centralinista telefonico. Un profilo sempre pi\u00f9 richiesto non solo da aziende private, ma anche da enti pubblici e realt\u00e0 del terzo settore attive in regione.<\/p><p class=\"\" data-start=\"183\" data-end=\"420\">Il corso mira a fornire un bagaglio completo di competenze che unisce <strong data-start=\"253\" data-end=\"304\">tecnologia, relazione e autonomia professionale<\/strong>, rendendo i partecipanti pronti ad affrontare il ruolo di centralinista telefonico in modo efficace e indipendente.<\/p><h4 class=\"\" data-start=\"422\" data-end=\"451\">Competenze Tecniche<\/h4><ul data-start=\"452\" data-end=\"767\"><li class=\"\" data-start=\"452\" data-end=\"531\"><p class=\"\" data-start=\"454\" data-end=\"531\">Utilizzo del centralino telefonico e gestione delle chiamate in maniera professionale.<\/p><\/li><li class=\"\" data-start=\"532\" data-end=\"663\"><p class=\"\" data-start=\"534\" data-end=\"663\">Familiarit\u00e0 con <strong data-start=\"550\" data-end=\"574\">tecnologie assistive<\/strong> come screen reader e sintesi vocale, fondamentali per l\u2019accesso a sistemi informatici.<\/p><\/li><li class=\"\" data-start=\"664\" data-end=\"767\"><p class=\"\" data-start=\"666\" data-end=\"767\">Uso di software per la gestione dei clienti (CRM), email e altri strumenti di comunicazione digitale.<\/p><\/li><\/ul><h4 class=\"\" data-start=\"769\" data-end=\"801\">Competenze Trasversali<\/h4><ul data-start=\"802\" data-end=\"1035\"><li class=\"\" data-start=\"802\" data-end=\"883\"><p class=\"\" data-start=\"804\" data-end=\"883\">Capacit\u00e0 di <strong data-start=\"816\" data-end=\"835\">problem solving<\/strong> e gestione efficace dello stress e del tempo.<\/p><\/li><li class=\"\" data-start=\"884\" data-end=\"942\"><p class=\"\" data-start=\"886\" data-end=\"942\">Lavoro in team, ascolto attivo e comunicazione chiara.<\/p><\/li><li class=\"\" data-start=\"943\" data-end=\"1035\"><p class=\"\" data-start=\"945\" data-end=\"1035\">Orientamento al cliente e <strong data-start=\"971\" data-end=\"982\">empatia<\/strong>, elementi chiave per offrire un servizio di qualit\u00e0.<\/p><\/li><\/ul><h4 class=\"\" data-start=\"1037\" data-end=\"1068\">Competenze Specifiche<\/h4><ul data-start=\"1069\" data-end=\"1252\"><li class=\"\" data-start=\"1069\" data-end=\"1170\"><p class=\"\" data-start=\"1071\" data-end=\"1170\">Orientamento nello spazio lavorativo, con strategie pensate per persone non vedenti o ipovedenti.<\/p><\/li><li class=\"\" data-start=\"1171\" data-end=\"1252\"><p class=\"\" data-start=\"1173\" data-end=\"1252\">Conoscenza delle principali <strong data-start=\"1201\" data-end=\"1230\">normative sulla sicurezza<\/strong> nei luoghi di lavoro.<\/p><\/li><\/ul><p class=\"\" data-start=\"1254\" data-end=\"1490\">Grazie a queste competenze, i partecipanti saranno in grado di gestire autonomamente il proprio ruolo, integrando le tecnologie a supporto della disabilit\u00e0 e offrendo un servizio all\u2019altezza delle aspettative di aziende e organizzazioni.<\/p>\t\t\t\t\t\t\t\t<\/div>\n\t\t\t\t<\/div>\n\t\t\t\t<div class=\"elementor-element elementor-element-e26ece7 elementor-widget elementor-widget-image\" data-id=\"e26ece7\" data-element_type=\"widget\" data-e-type=\"widget\" data-widget_type=\"image.default\">\n\t\t\t\t<div class=\"elementor-widget-container\">\n\t\t\t\t\t\t\t\t\t\t\t\t\t\t\t<img decoding=\"async\" width=\"724\" height=\"1024\" src=\"https:\/\/duedformazione.it\/wp-content\/uploads\/2025\/04\/corso-CENTRALINISTA-IPOVEDENTE-724x1024.png\" class=\"attachment-large size-large wp-image-24163\" alt=\"\" srcset=\"https:\/\/duedformazione.it\/wp-content\/uploads\/2025\/04\/corso-CENTRALINISTA-IPOVEDENTE-724x1024.png 724w, https:\/\/duedformazione.it\/wp-content\/uploads\/2025\/04\/corso-CENTRALINISTA-IPOVEDENTE-212x300.png 212w, https:\/\/duedformazione.it\/wp-content\/uploads\/2025\/04\/corso-CENTRALINISTA-IPOVEDENTE-768x1086.png 768w, https:\/\/duedformazione.it\/wp-content\/uploads\/2025\/04\/corso-CENTRALINISTA-IPOVEDENTE-1086x1536.png 1086w, https:\/\/duedformazione.it\/wp-content\/uploads\/2025\/04\/corso-CENTRALINISTA-IPOVEDENTE-1448x2048.png 1448w, https:\/\/duedformazione.it\/wp-content\/uploads\/2025\/04\/corso-CENTRALINISTA-IPOVEDENTE.png 1587w\" sizes=\"(max-width: 724px) 100vw, 724px\" \/>\t\t\t\t\t\t\t\t\t\t\t\t\t\t\t<\/div>\n\t\t\t\t<\/div>\n\t\t\t\t<div class=\"elementor-element elementor-element-8945dba elementor-widget elementor-widget-text-editor\" data-id=\"8945dba\" data-element_type=\"widget\" data-e-type=\"widget\" data-widget_type=\"text-editor.default\">\n\t\t\t\t<div class=\"elementor-widget-container\">\n\t\t\t\t\t\t\t\t\t<p><strong>Percorso: <\/strong>Reskilling<br \/><strong>Categoria: <\/strong>Servizi alla persona<br \/><strong>Durata: <\/strong>600 ore di cui <strong>240 ore di tirocinio<\/strong><br \/><strong>Sede del Corso:<\/strong> 2D Formazione Cooperativa Impresa Sociale<br \/>via C. Carlomagno, 10\/12 ISERNIA<\/p><p><strong>Certificazione rilasciata:<\/strong> Attestato di Qualifica<\/p><p class=\"\" data-start=\"1254\" data-end=\"1490\">\u00a0<\/p>\t\t\t\t\t\t\t\t<\/div>\n\t\t\t\t<\/div>\n\t\t\t\t\t<\/div>\n\t\t\t\t<\/div>\n\t\t\t\t\t<\/div>\n\t\t<\/div>\n\t\t\t\t\t<\/div>\n\t\t<\/section>\n\t\t\t\t<\/div>\n\t\t","protected":false},"excerpt":{"rendered":"<p>Il Programma GOL (Garanzia di Occupabilit\u00e0 dei Lavoratori) \u00e8 il programma nazionale di presa in carico dei senza lavoro finalizzato all&#8217;inserimento occupazionale. GOL consente l&#8217;erogazione di servizi specifici di politica attiva del lavoro, con un approccio basato sulla definizione dei livelli essenziali delle prestazioni. Il programma si inserisce nella sezione dedicata alle politiche del lavoro [&hellip;]<\/p>\n","protected":false},"author":3,"featured_media":24163,"parent":13283,"menu_order":0,"comment_status":"closed","ping_status":"closed","template":"elementor_header_footer","meta":{"_angie_page":false,"footnotes":""},"class_list":["post-24139","page","type-page","status-publish","has-post-thumbnail","hentry"],"yoast_head":"<!-- This site is optimized with the Yoast SEO plugin v27.4 - https:\/\/yoast.com\/product\/yoast-seo-wordpress\/ -->\n<title>Centralinista telefonico non vedente o ipovedente - Corso gratuito - Polo didattico universit\u00e0 telematiche e Ente di Formazione<\/title>\n<meta name=\"robots\" content=\"index, follow, max-snippet:-1, max-image-preview:large, max-video-preview:-1\" \/>\n<link rel=\"canonical\" href=\"https:\/\/duedformazione.it\/?page_id=24139\" \/>\n<meta property=\"og:locale\" content=\"it_IT\" \/>\n<meta property=\"og:type\" content=\"article\" \/>\n<meta property=\"og:title\" content=\"Centralinista telefonico non vedente o ipovedente - Corso gratuito - Polo didattico universit\u00e0 telematiche e Ente di Formazione\" \/>\n<meta property=\"og:description\" content=\"Il Programma GOL (Garanzia di Occupabilit\u00e0 dei Lavoratori) \u00e8 il programma nazionale di presa in carico dei senza lavoro finalizzato all&#8217;inserimento occupazionale. GOL consente l&#8217;erogazione di servizi specifici di politica attiva del lavoro, con un approccio basato sulla definizione dei livelli essenziali delle prestazioni. Il programma si inserisce nella sezione dedicata alle politiche del lavoro [&hellip;]\" \/>\n<meta property=\"og:url\" content=\"https:\/\/duedformazione.it\/?page_id=24139\" \/>\n<meta property=\"og:site_name\" content=\"Polo didattico universit\u00e0 telematiche e Ente di Formazione\" \/>\n<meta property=\"article:publisher\" content=\"https:\/\/www.instagram.com\/2dformazione\/\" \/>\n<meta property=\"article:modified_time\" content=\"2025-04-15T16:27:28+00:00\" \/>\n<meta property=\"og:image\" content=\"https:\/\/duedformazione.it\/wp-content\/uploads\/2025\/04\/corso-CENTRALINISTA-IPOVEDENTE-724x1024.png\" \/>\n\t<meta property=\"og:image:width\" content=\"724\" \/>\n\t<meta property=\"og:image:height\" content=\"1024\" \/>\n\t<meta property=\"og:image:type\" content=\"image\/png\" \/>\n<meta name=\"twitter:card\" content=\"summary_large_image\" \/>\n<meta name=\"twitter:label1\" content=\"Tempo di lettura stimato\" \/>\n\t<meta name=\"twitter:data1\" content=\"3 minuti\" \/>\n<!-- \/ Yoast SEO plugin. -->","yoast_head_json":{"title":"Centralinista telefonico non vedente o ipovedente - Corso gratuito - Polo didattico universit\u00e0 telematiche e Ente di Formazione","robots":{"index":"index","follow":"follow","max-snippet":"max-snippet:-1","max-image-preview":"max-image-preview:large","max-video-preview":"max-video-preview:-1"},"canonical":"https:\/\/duedformazione.it\/?page_id=24139","og_locale":"it_IT","og_type":"article","og_title":"Centralinista telefonico non vedente o ipovedente - Corso gratuito - Polo didattico universit\u00e0 telematiche e Ente di Formazione","og_description":"Il Programma GOL (Garanzia di Occupabilit\u00e0 dei Lavoratori) \u00e8 il programma nazionale di presa in carico dei senza lavoro finalizzato all&#8217;inserimento occupazionale. GOL consente l&#8217;erogazione di servizi specifici di politica attiva del lavoro, con un approccio basato sulla definizione dei livelli essenziali delle prestazioni. Il programma si inserisce nella sezione dedicata alle politiche del lavoro [&hellip;]","og_url":"https:\/\/duedformazione.it\/?page_id=24139","og_site_name":"Polo didattico universit\u00e0 telematiche e Ente di Formazione","article_publisher":"https:\/\/www.instagram.com\/2dformazione\/","article_modified_time":"2025-04-15T16:27:28+00:00","og_image":[{"width":724,"height":1024,"url":"https:\/\/duedformazione.it\/wp-content\/uploads\/2025\/04\/corso-CENTRALINISTA-IPOVEDENTE-724x1024.png","type":"image\/png"}],"twitter_card":"summary_large_image","twitter_misc":{"Tempo di lettura stimato":"3 minuti"},"schema":{"@context":"https:\/\/schema.org","@graph":[{"@type":"WebPage","@id":"https:\/\/duedformazione.it\/?page_id=24139","url":"https:\/\/duedformazione.it\/?page_id=24139","name":"Centralinista telefonico non vedente o ipovedente - Corso gratuito - Polo didattico universit\u00e0 telematiche e Ente di Formazione","isPartOf":{"@id":"https:\/\/duedformazione.it\/#website"},"primaryImageOfPage":{"@id":"https:\/\/duedformazione.it\/?page_id=24139#primaryimage"},"image":{"@id":"https:\/\/duedformazione.it\/?page_id=24139#primaryimage"},"thumbnailUrl":"https:\/\/duedformazione.it\/wp-content\/uploads\/2025\/04\/corso-CENTRALINISTA-IPOVEDENTE.png","datePublished":"2025-04-15T10:27:32+00:00","dateModified":"2025-04-15T16:27:28+00:00","breadcrumb":{"@id":"https:\/\/duedformazione.it\/?page_id=24139#breadcrumb"},"inLanguage":"it-IT","potentialAction":[{"@type":"ReadAction","target":["https:\/\/duedformazione.it\/?page_id=24139"]}]},{"@type":"ImageObject","inLanguage":"it-IT","@id":"https:\/\/duedformazione.it\/?page_id=24139#primaryimage","url":"https:\/\/duedformazione.it\/wp-content\/uploads\/2025\/04\/corso-CENTRALINISTA-IPOVEDENTE.png","contentUrl":"https:\/\/duedformazione.it\/wp-content\/uploads\/2025\/04\/corso-CENTRALINISTA-IPOVEDENTE.png","width":1587,"height":2245},{"@type":"BreadcrumbList","@id":"https:\/\/duedformazione.it\/?page_id=24139#breadcrumb","itemListElement":[{"@type":"ListItem","position":1,"name":"Home","item":"https:\/\/duedformazione.it\/"},{"@type":"ListItem","position":2,"name":"Corsi Regionali","item":"https:\/\/duedformazione.it\/?page_id=13283"},{"@type":"ListItem","position":3,"name":"Centralinista telefonico non vedente o ipovedente &#8211; Corso gratuito"}]},{"@type":"WebSite","@id":"https:\/\/duedformazione.it\/#website","url":"https:\/\/duedformazione.it\/","name":"2D Formazione","description":"La tua formazione, il tuo futuro.","publisher":{"@id":"https:\/\/duedformazione.it\/#organization"},"alternateName":"Ente di Formazione 2D","potentialAction":[{"@type":"SearchAction","target":{"@type":"EntryPoint","urlTemplate":"https:\/\/duedformazione.it\/?s={search_term_string}"},"query-input":{"@type":"PropertyValueSpecification","valueRequired":true,"valueName":"search_term_string"}}],"inLanguage":"it-IT"},{"@type":"Organization","@id":"https:\/\/duedformazione.it\/#organization","name":"2D Ente di Formazione e Polo didattico universit\u00e0 telematiche","url":"https:\/\/duedformazione.it\/","logo":{"@type":"ImageObject","inLanguage":"it-IT","@id":"https:\/\/duedformazione.it\/#\/schema\/logo\/image\/","url":"https:\/\/duedformazione.it\/wp-content\/uploads\/2024\/06\/linkedin-profilo.png","contentUrl":"https:\/\/duedformazione.it\/wp-content\/uploads\/2024\/06\/linkedin-profilo.png","width":800,"height":800,"caption":"2D Ente di Formazione e Polo didattico universit\u00e0 telematiche"},"image":{"@id":"https:\/\/duedformazione.it\/#\/schema\/logo\/image\/"},"sameAs":["https:\/\/www.instagram.com\/2dformazione\/"]}]}},"_links":{"self":[{"href":"https:\/\/duedformazione.it\/index.php?rest_route=\/wp\/v2\/pages\/24139","targetHints":{"allow":["GET"]}}],"collection":[{"href":"https:\/\/duedformazione.it\/index.php?rest_route=\/wp\/v2\/pages"}],"about":[{"href":"https:\/\/duedformazione.it\/index.php?rest_route=\/wp\/v2\/types\/page"}],"author":[{"embeddable":true,"href":"https:\/\/duedformazione.it\/index.php?rest_route=\/wp\/v2\/users\/3"}],"replies":[{"embeddable":true,"href":"https:\/\/duedformazione.it\/index.php?rest_route=%2Fwp%2Fv2%2Fcomments&post=24139"}],"version-history":[{"count":31,"href":"https:\/\/duedformazione.it\/index.php?rest_route=\/wp\/v2\/pages\/24139\/revisions"}],"predecessor-version":[{"id":24172,"href":"https:\/\/duedformazione.it\/index.php?rest_route=\/wp\/v2\/pages\/24139\/revisions\/24172"}],"up":[{"embeddable":true,"href":"https:\/\/duedformazione.it\/index.php?rest_route=\/wp\/v2\/pages\/13283"}],"wp:featuredmedia":[{"embeddable":true,"href":"https:\/\/duedformazione.it\/index.php?rest_route=\/wp\/v2\/media\/24163"}],"wp:attachment":[{"href":"https:\/\/duedformazione.it\/index.php?rest_route=%2Fwp%2Fv2%2Fmedia&parent=24139"}],"curies":[{"name":"wp","href":"https:\/\/api.w.org\/{rel}","templated":true}]}}