{"id":15083,"date":"2024-05-03T11:11:30","date_gmt":"2024-05-03T09:11:30","guid":{"rendered":"https:\/\/duedformazione.it\/?page_id=15083"},"modified":"2025-08-20T18:41:35","modified_gmt":"2025-08-20T16:41:35","slug":"universita-telematiche","status":"publish","type":"page","link":"https:\/\/duedformazione.it\/?page_id=15083","title":{"rendered":"Universit\u00e0 Telematiche"},"content":{"rendered":"\t\t<div data-elementor-type=\"wp-page\" data-elementor-id=\"15083\" class=\"elementor elementor-15083\" data-elementor-post-type=\"page\">\n\t\t\t\t\t\t<section class=\"elementor-section elementor-top-section elementor-element elementor-element-62eebd9 elementor-section-boxed elementor-section-height-default elementor-section-height-default\" data-id=\"62eebd9\" data-element_type=\"section\" data-e-type=\"section\">\n\t\t\t\t\t\t<div class=\"elementor-container elementor-column-gap-default\">\n\t\t\t\t\t<div class=\"elementor-column elementor-col-100 elementor-top-column elementor-element elementor-element-558bd84\" data-id=\"558bd84\" data-element_type=\"column\" data-e-type=\"column\">\n\t\t\t<div class=\"elementor-widget-wrap elementor-element-populated\">\n\t\t\t\t\t\t<div class=\"elementor-element elementor-element-51837be elementor-widget elementor-widget-text-editor\" data-id=\"51837be\" data-element_type=\"widget\" data-e-type=\"widget\" data-widget_type=\"text-editor.default\">\n\t\t\t\t<div class=\"elementor-widget-container\">\n\t\t\t\t\t\t\t\t\t<p>Il nostro obiettivo \u00e8 aiutare gli studenti a individuare il corso di laurea pi\u00f9 adatto alle loro aspirazioni e che meglio soddisfi le loro ambizioni di crescita professionale.<br \/>Grazie infatti ad un team altamente specializzato e costantemente aggiornato, forniamo un <strong>servizio di orientamento completamente gratuito<\/strong> e accessibile da remoto in tutto il territorio italiano.\u00a0<\/p><p>Ci occupiamo di gestire l&#8217;intera documentazione necessaria per l&#8217;iscrizione ai corsi di Laurea Online, semplificando le pratiche di segreteria e riducendo al minimo le formalit\u00e0 burocratiche per gli studenti. Offriamo inoltre a tutti i nostri laureandi un supporto costante durante tutto il loro percorso accademico, dalla fase di iscrizione fino alla progettazione ed elaborazione della Tesi di Laurea.<\/p><p>Assistiamo gli studenti nell&#8217;utilizzo della piattaforma online, fornendo indicazioni su come prenotare esami e su come si svolgono gli esami stessi, sulle modalit\u00e0 di pagamento delle rate, sullo sblocco delle sedi d&#8217;esame e sull&#8217;accesso al materiale didattico e alle video lezioni.<\/p>\t\t\t\t\t\t\t\t<\/div>\n\t\t\t\t<\/div>\n\t\t\t\t\t<\/div>\n\t\t<\/div>\n\t\t\t\t\t<\/div>\n\t\t<\/section>\n\t\t\t\t<section class=\"elementor-section elementor-top-section elementor-element elementor-element-30f1bd5 elementor-section-boxed elementor-section-height-default elementor-section-height-default\" data-id=\"30f1bd5\" data-element_type=\"section\" data-e-type=\"section\">\n\t\t\t\t\t\t<div class=\"elementor-container elementor-column-gap-default\">\n\t\t\t\t\t<div class=\"elementor-column elementor-col-33 elementor-top-column elementor-element elementor-element-3c062da\" data-id=\"3c062da\" data-element_type=\"column\" data-e-type=\"column\">\n\t\t\t<div class=\"elementor-widget-wrap elementor-element-populated\">\n\t\t\t\t\t\t<div class=\"elementor-element elementor-element-29325a2 elementor-position-top elementor-widget elementor-widget-image-box\" data-id=\"29325a2\" data-element_type=\"widget\" data-e-type=\"widget\" data-widget_type=\"image-box.default\">\n\t\t\t\t<div class=\"elementor-widget-container\">\n\t\t\t\t\t<div class=\"elementor-image-box-wrapper\"><figure class=\"elementor-image-box-img\"><a href=\"https:\/\/duedformazione.it\/universita-telematica-pegaso\/\" tabindex=\"-1\"><img decoding=\"async\" src=\"https:\/\/duedformazione.it\/wp-content\/uploads\/2025\/05\/Senza-titolo-500-x-500-px.png\" title=\"Senza titolo (500 x 500 px)\" alt=\"Senza titolo (500 x 500 px)\" loading=\"lazy\" \/><\/a><\/figure><div class=\"elementor-image-box-content\"><h3 class=\"elementor-image-box-title\"><a href=\"https:\/\/duedformazione.it\/universita-telematica-pegaso\/\">ECP UniPegaso<\/a><\/h3><p class=\"elementor-image-box-description\">scopri l'offerta formativa.<\/p><\/div><\/div>\t\t\t\t<\/div>\n\t\t\t\t<\/div>\n\t\t\t\t\t<\/div>\n\t\t<\/div>\n\t\t\t\t<div class=\"elementor-column elementor-col-33 elementor-top-column elementor-element elementor-element-2c245b0\" data-id=\"2c245b0\" data-element_type=\"column\" data-e-type=\"column\">\n\t\t\t<div class=\"elementor-widget-wrap elementor-element-populated\">\n\t\t\t\t\t\t<div class=\"elementor-element elementor-element-0c1f399 elementor-position-top elementor-widget elementor-widget-image-box\" data-id=\"0c1f399\" data-element_type=\"widget\" data-e-type=\"widget\" data-widget_type=\"image-box.default\">\n\t\t\t\t<div class=\"elementor-widget-container\">\n\t\t\t\t\t<div class=\"elementor-image-box-wrapper\"><figure class=\"elementor-image-box-img\"><a href=\"https:\/\/duedformazione.it\/universita-telematica-mercatorum\/\" tabindex=\"-1\"><img decoding=\"async\" src=\"https:\/\/duedformazione.it\/wp-content\/uploads\/2024\/05\/2.png\" title=\"polo didattico universit\u00e0 mercatorum molise\" alt=\"polo didattico universit\u00e0 mercatorum molise\" loading=\"lazy\" \/><\/a><\/figure><div class=\"elementor-image-box-content\"><h3 class=\"elementor-image-box-title\"><a href=\"https:\/\/duedformazione.it\/universita-telematica-mercatorum\/\">Polo didattico Mercatorum<\/a><\/h3><p class=\"elementor-image-box-description\">scopri l'offerta formativa.<\/p><\/div><\/div>\t\t\t\t<\/div>\n\t\t\t\t<\/div>\n\t\t\t\t\t<\/div>\n\t\t<\/div>\n\t\t\t\t<div class=\"elementor-column elementor-col-33 elementor-top-column elementor-element elementor-element-5396db0\" data-id=\"5396db0\" data-element_type=\"column\" data-e-type=\"column\">\n\t\t\t<div class=\"elementor-widget-wrap elementor-element-populated\">\n\t\t\t\t\t\t<div class=\"elementor-element elementor-element-a6cac17 elementor-position-top elementor-widget elementor-widget-image-box\" data-id=\"a6cac17\" data-element_type=\"widget\" data-e-type=\"widget\" data-widget_type=\"image-box.default\">\n\t\t\t\t<div class=\"elementor-widget-container\">\n\t\t\t\t\t<div class=\"elementor-image-box-wrapper\"><figure class=\"elementor-image-box-img\"><a href=\"https:\/\/duedformazione.it\/universita-san-raffaele-roma\/\" tabindex=\"-1\"><img decoding=\"async\" src=\"https:\/\/duedformazione.it\/wp-content\/uploads\/2025\/08\/3.webp\" title=\"Logo Universit\u00e0 San Raffaele di Roma &#8211; Telematica\" alt=\"Logo Universit\u00e0 San Raffaele di Roma - Telematica\" loading=\"lazy\" \/><\/a><\/figure><div class=\"elementor-image-box-content\"><h3 class=\"elementor-image-box-title\"><a href=\"https:\/\/duedformazione.it\/universita-san-raffaele-roma\/\">Polo didattico San Raffaele<\/a><\/h3><p class=\"elementor-image-box-description\">scopri l'offerta formativa.<\/p><\/div><\/div>\t\t\t\t<\/div>\n\t\t\t\t<\/div>\n\t\t\t\t\t<\/div>\n\t\t<\/div>\n\t\t\t\t\t<\/div>\n\t\t<\/section>\n\t\t\t\t<section class=\"elementor-section elementor-top-section elementor-element elementor-element-4ca13d2 elementor-section-boxed elementor-section-height-default elementor-section-height-default\" data-id=\"4ca13d2\" data-element_type=\"section\" data-e-type=\"section\" data-settings=\"{&quot;background_background&quot;:&quot;classic&quot;}\">\n\t\t\t\t\t\t<div class=\"elementor-container elementor-column-gap-default\">\n\t\t\t\t\t<div class=\"elementor-column elementor-col-33 elementor-top-column elementor-element elementor-element-5446438\" data-id=\"5446438\" data-element_type=\"column\" data-e-type=\"column\">\n\t\t\t<div class=\"elementor-widget-wrap\">\n\t\t\t\t\t\t\t<\/div>\n\t\t<\/div>\n\t\t\t\t<div class=\"elementor-column elementor-col-33 elementor-top-column elementor-element elementor-element-736dbad\" data-id=\"736dbad\" data-element_type=\"column\" data-e-type=\"column\">\n\t\t\t<div class=\"elementor-widget-wrap elementor-element-populated\">\n\t\t\t\t\t\t<div class=\"elementor-element elementor-element-aa57496 elementor-hidden-desktop elementor-widget elementor-widget-heading\" data-id=\"aa57496\" data-element_type=\"widget\" data-e-type=\"widget\" data-widget_type=\"heading.default\">\n\t\t\t\t<div class=\"elementor-widget-container\">\n\t\t\t\t\t<h2 class=\"elementor-heading-title elementor-size-default\">Contattaci per avere maggiori informazioni sui percorsi universitari<\/h2>\t\t\t\t<\/div>\n\t\t\t\t<\/div>\n\t\t\t\t<div class=\"elementor-element elementor-element-7c1fddf elementor-hidden-tablet elementor-hidden-mobile elementor-widget elementor-widget-heading\" data-id=\"7c1fddf\" data-element_type=\"widget\" data-e-type=\"widget\" data-widget_type=\"heading.default\">\n\t\t\t\t<div class=\"elementor-widget-container\">\n\t\t\t\t\t<h2 class=\"elementor-heading-title elementor-size-default\">Contattaci per avere maggiori informazioni sui percorsi universitari<\/h2>\t\t\t\t<\/div>\n\t\t\t\t<\/div>\n\t\t\t\t<div class=\"elementor-element elementor-element-668a6f4 elementor-widget__width-initial elementor-button-align-stretch elementor-widget elementor-widget-form\" data-id=\"668a6f4\" data-element_type=\"widget\" data-e-type=\"widget\" data-settings=\"{&quot;step_next_label&quot;:&quot;Successivo&quot;,&quot;step_previous_label&quot;:&quot;Precedente&quot;,&quot;button_width&quot;:&quot;100&quot;,&quot;step_type&quot;:&quot;number_text&quot;,&quot;step_icon_shape&quot;:&quot;circle&quot;}\" data-widget_type=\"form.default\">\n\t\t\t\t<div class=\"elementor-widget-container\">\n\t\t\t\t\t\t\t<form class=\"elementor-form\" method=\"post\" name=\"Nuovo modulo\" aria-label=\"Nuovo modulo\">\n\t\t\t<input type=\"hidden\" name=\"post_id\" value=\"15083\"\/>\n\t\t\t<input type=\"hidden\" name=\"form_id\" value=\"668a6f4\"\/>\n\t\t\t<input type=\"hidden\" name=\"referer_title\" value=\"Universit\u00e0 Telematiche - Polo didattico universit\u00e0 telematiche e Ente di Formazione\" \/>\n\n\t\t\t\t\t\t\t<input type=\"hidden\" name=\"queried_id\" value=\"15083\"\/>\n\t\t\t\n\t\t\t<div class=\"elementor-form-fields-wrapper elementor-labels-above\">\n\t\t\t\t\t\t\t\t<div class=\"elementor-field-type-text elementor-field-group elementor-column elementor-field-group-name elementor-col-100 elementor-field-required elementor-mark-required\">\n\t\t\t\t\t\t\t\t\t\t\t\t<label for=\"form-field-name\" class=\"elementor-field-label\">\n\t\t\t\t\t\t\t\tNome\t\t\t\t\t\t\t<\/label>\n\t\t\t\t\t\t\t\t\t\t\t\t\t\t<input size=\"1\" type=\"text\" name=\"form_fields[name]\" id=\"form-field-name\" class=\"elementor-field elementor-size-xs  elementor-field-textual\" placeholder=\"Nome\" required=\"required\">\n\t\t\t\t\t\t\t\t\t\t\t<\/div>\n\t\t\t\t\t\t\t\t<div class=\"elementor-field-type-text elementor-field-group elementor-column elementor-field-group-field_bc60a2f elementor-col-100\">\n\t\t\t\t\t\t\t\t\t\t\t\t<label for=\"form-field-field_bc60a2f\" class=\"elementor-field-label\">\n\t\t\t\t\t\t\t\tCognome\t\t\t\t\t\t\t<\/label>\n\t\t\t\t\t\t\t\t\t\t\t\t\t\t<input size=\"1\" type=\"text\" name=\"form_fields[field_bc60a2f]\" id=\"form-field-field_bc60a2f\" class=\"elementor-field elementor-size-xs  elementor-field-textual\" placeholder=\"Cognome\">\n\t\t\t\t\t\t\t\t\t\t\t<\/div>\n\t\t\t\t\t\t\t\t<div class=\"elementor-field-type-email elementor-field-group elementor-column elementor-field-group-email elementor-col-100 elementor-field-required elementor-mark-required\">\n\t\t\t\t\t\t\t\t\t\t\t\t<label for=\"form-field-email\" class=\"elementor-field-label\">\n\t\t\t\t\t\t\t\tEmail\t\t\t\t\t\t\t<\/label>\n\t\t\t\t\t\t\t\t\t\t\t\t\t\t<input size=\"1\" type=\"email\" name=\"form_fields[email]\" id=\"form-field-email\" class=\"elementor-field elementor-size-xs  elementor-field-textual\" placeholder=\"Email\" required=\"required\">\n\t\t\t\t\t\t\t\t\t\t\t<\/div>\n\t\t\t\t\t\t\t\t<div class=\"elementor-field-type-tel elementor-field-group elementor-column elementor-field-group-field_779fbb7 elementor-col-100\">\n\t\t\t\t\t\t\t\t\t\t\t\t<label for=\"form-field-field_779fbb7\" class=\"elementor-field-label\">\n\t\t\t\t\t\t\t\tTelefono\t\t\t\t\t\t\t<\/label>\n\t\t\t\t\t\t\t\t<input size=\"1\" type=\"tel\" name=\"form_fields[field_779fbb7]\" id=\"form-field-field_779fbb7\" class=\"elementor-field elementor-size-xs  elementor-field-textual\" placeholder=\"Telefono\" pattern=\"[0-9()#&amp;+*-=.]+\" title=\"Sono accettati solo numeri e caratteri telefonici (#, -, *, ecc.).\">\n\n\t\t\t\t\t\t<\/div>\n\t\t\t\t\t\t\t\t<div class=\"elementor-field-type-textarea elementor-field-group elementor-column elementor-field-group-message elementor-col-100\">\n\t\t\t\t\t\t\t\t\t\t\t\t<label for=\"form-field-message\" class=\"elementor-field-label\">\n\t\t\t\t\t\t\t\tMessaggio\t\t\t\t\t\t\t<\/label>\n\t\t\t\t\t\t<textarea class=\"elementor-field-textual elementor-field  elementor-size-xs\" name=\"form_fields[message]\" id=\"form-field-message\" rows=\"4\" placeholder=\"Scrivi qui la tua richiesta\"><\/textarea>\t\t\t\t<\/div>\n\t\t\t\t\t\t\t\t<div class=\"elementor-field-type-acceptance elementor-field-group elementor-column elementor-field-group-field_7defc15 elementor-col-100\">\n\t\t\t\t\t\t\t<div class=\"elementor-field-subgroup\">\n\t\t\t<span class=\"elementor-field-option\">\n\t\t\t\t<input type=\"checkbox\" name=\"form_fields[field_7defc15]\" id=\"form-field-field_7defc15\" class=\"elementor-field elementor-size-xs  elementor-acceptance-field\">\n\t\t\t\t<label for=\"form-field-field_7defc15\">Acconsento al trattamento dei miei dati. <a href=\"https:\/\/duedformazione.it\/privacy-policy\/\">Informativa Privacy<\/a><\/label>\t\t\t<\/span>\n\t\t<\/div>\n\t\t\t\t\t\t<\/div>\n\t\t\t\t\t\t\t\t<div class=\"elementor-field-type-acceptance elementor-field-group elementor-column elementor-field-group-field_c9d9c11 elementor-col-100\">\n\t\t\t\t\t\t\t<div class=\"elementor-field-subgroup\">\n\t\t\t<span class=\"elementor-field-option\">\n\t\t\t\t<input type=\"checkbox\" name=\"form_fields[field_c9d9c11]\" id=\"form-field-field_c9d9c11\" class=\"elementor-field elementor-size-xs  elementor-acceptance-field\">\n\t\t\t\t<label for=\"form-field-field_c9d9c11\">Iscrivetemi nella vostra mailing list, voglio aggiornamenti sui corsi.<\/label>\t\t\t<\/span>\n\t\t<\/div>\n\t\t\t\t\t\t<\/div>\n\t\t\t\t\t\t\t\t<div class=\"elementor-field-group elementor-column elementor-field-type-submit elementor-col-100 e-form__buttons\">\n\t\t\t\t\t<button class=\"elementor-button elementor-size-sm\" type=\"submit\">\n\t\t\t\t\t\t<span class=\"elementor-button-content-wrapper\">\n\t\t\t\t\t\t\t\t\t\t\t\t\t\t\t<span class=\"elementor-button-icon\">\n\t\t\t\t\t\t\t\t\t<i aria-hidden=\"true\" class=\"far fa-paper-plane\"><\/i>\t\t\t\t\t\t\t\t\t\t\t\t\t\t\t\t\t<\/span>\n\t\t\t\t\t\t\t\t\t\t\t\t\t\t\t\t\t\t\t\t\t\t<span class=\"elementor-button-text\">Invia<\/span>\n\t\t\t\t\t\t\t\t\t\t\t\t\t<\/span>\n\t\t\t\t\t<\/button>\n\t\t\t\t<\/div>\n\t\t\t<\/div>\n\t\t<\/form>\n\t\t\t\t\t\t<\/div>\n\t\t\t\t<\/div>\n\t\t\t\t\t<\/div>\n\t\t<\/div>\n\t\t\t\t<div class=\"elementor-column elementor-col-33 elementor-top-column elementor-element elementor-element-11bae3b\" data-id=\"11bae3b\" data-element_type=\"column\" data-e-type=\"column\">\n\t\t\t<div class=\"elementor-widget-wrap\">\n\t\t\t\t\t\t\t<\/div>\n\t\t<\/div>\n\t\t\t\t\t<\/div>\n\t\t<\/section>\n\t\t\t\t<\/div>\n\t\t","protected":false},"excerpt":{"rendered":"<p>Il nostro obiettivo \u00e8 aiutare gli studenti a individuare il corso di laurea pi\u00f9 adatto alle loro aspirazioni e che meglio soddisfi le loro ambizioni di crescita professionale.Grazie infatti ad un team altamente specializzato e costantemente aggiornato, forniamo un servizio di orientamento completamente gratuito e accessibile da remoto in tutto il territorio italiano.\u00a0 Ci occupiamo [&hellip;]<\/p>\n","protected":false},"author":3,"featured_media":0,"parent":0,"menu_order":0,"comment_status":"closed","ping_status":"closed","template":"elementor_header_footer","meta":{"_angie_page":false,"footnotes":""},"class_list":["post-15083","page","type-page","status-publish","hentry"],"yoast_head":"<!-- This site is optimized with the Yoast SEO plugin v27.4 - https:\/\/yoast.com\/product\/yoast-seo-wordpress\/ -->\n<title>Universit\u00e0 Telematiche - Polo didattico universit\u00e0 telematiche e Ente di Formazione<\/title>\n<meta name=\"robots\" content=\"index, follow, max-snippet:-1, max-image-preview:large, max-video-preview:-1\" \/>\n<link rel=\"canonical\" href=\"https:\/\/duedformazione.it\/?page_id=15083\" \/>\n<meta property=\"og:locale\" content=\"it_IT\" \/>\n<meta property=\"og:type\" content=\"article\" \/>\n<meta property=\"og:title\" content=\"Universit\u00e0 Telematiche - Polo didattico universit\u00e0 telematiche e Ente di Formazione\" \/>\n<meta property=\"og:description\" content=\"Il nostro obiettivo \u00e8 aiutare gli studenti a individuare il corso di laurea pi\u00f9 adatto alle loro aspirazioni e che meglio soddisfi le loro ambizioni di crescita professionale.Grazie infatti ad un team altamente specializzato e costantemente aggiornato, forniamo un servizio di orientamento completamente gratuito e accessibile da remoto in tutto il territorio italiano.\u00a0 Ci occupiamo [&hellip;]\" \/>\n<meta property=\"og:url\" content=\"https:\/\/duedformazione.it\/?page_id=15083\" \/>\n<meta property=\"og:site_name\" content=\"Polo didattico universit\u00e0 telematiche e Ente di Formazione\" \/>\n<meta property=\"article:publisher\" content=\"https:\/\/www.instagram.com\/2dformazione\/\" \/>\n<meta property=\"article:modified_time\" content=\"2025-08-20T16:41:35+00:00\" \/>\n<meta property=\"og:image\" content=\"https:\/\/duedformazione.it\/wp-content\/uploads\/2025\/05\/Senza-titolo-500-x-500-px.png\" \/>\n<meta name=\"twitter:card\" content=\"summary_large_image\" \/>\n<meta name=\"twitter:label1\" content=\"Tempo di lettura stimato\" \/>\n\t<meta name=\"twitter:data1\" content=\"2 minuti\" \/>\n<!-- \/ Yoast SEO plugin. -->","yoast_head_json":{"title":"Universit\u00e0 Telematiche - Polo didattico universit\u00e0 telematiche e Ente di Formazione","robots":{"index":"index","follow":"follow","max-snippet":"max-snippet:-1","max-image-preview":"max-image-preview:large","max-video-preview":"max-video-preview:-1"},"canonical":"https:\/\/duedformazione.it\/?page_id=15083","og_locale":"it_IT","og_type":"article","og_title":"Universit\u00e0 Telematiche - Polo didattico universit\u00e0 telematiche e Ente di Formazione","og_description":"Il nostro obiettivo \u00e8 aiutare gli studenti a individuare il corso di laurea pi\u00f9 adatto alle loro aspirazioni e che meglio soddisfi le loro ambizioni di crescita professionale.Grazie infatti ad un team altamente specializzato e costantemente aggiornato, forniamo un servizio di orientamento completamente gratuito e accessibile da remoto in tutto il territorio italiano.\u00a0 Ci occupiamo [&hellip;]","og_url":"https:\/\/duedformazione.it\/?page_id=15083","og_site_name":"Polo didattico universit\u00e0 telematiche e Ente di Formazione","article_publisher":"https:\/\/www.instagram.com\/2dformazione\/","article_modified_time":"2025-08-20T16:41:35+00:00","og_image":[{"url":"https:\/\/duedformazione.it\/wp-content\/uploads\/2025\/05\/Senza-titolo-500-x-500-px.png","type":"","width":"","height":""}],"twitter_card":"summary_large_image","twitter_misc":{"Tempo di lettura stimato":"2 minuti"},"schema":{"@context":"https:\/\/schema.org","@graph":[{"@type":"WebPage","@id":"https:\/\/duedformazione.it\/?page_id=15083","url":"https:\/\/duedformazione.it\/?page_id=15083","name":"Universit\u00e0 Telematiche - Polo didattico universit\u00e0 telematiche e Ente di Formazione","isPartOf":{"@id":"https:\/\/duedformazione.it\/#website"},"primaryImageOfPage":{"@id":"https:\/\/duedformazione.it\/?page_id=15083#primaryimage"},"image":{"@id":"https:\/\/duedformazione.it\/?page_id=15083#primaryimage"},"thumbnailUrl":"https:\/\/duedformazione.it\/wp-content\/uploads\/2025\/05\/Senza-titolo-500-x-500-px.png","datePublished":"2024-05-03T09:11:30+00:00","dateModified":"2025-08-20T16:41:35+00:00","breadcrumb":{"@id":"https:\/\/duedformazione.it\/?page_id=15083#breadcrumb"},"inLanguage":"it-IT","potentialAction":[{"@type":"ReadAction","target":["https:\/\/duedformazione.it\/?page_id=15083"]}]},{"@type":"ImageObject","inLanguage":"it-IT","@id":"https:\/\/duedformazione.it\/?page_id=15083#primaryimage","url":"https:\/\/duedformazione.it\/wp-content\/uploads\/2025\/05\/Senza-titolo-500-x-500-px.png","contentUrl":"https:\/\/duedformazione.it\/wp-content\/uploads\/2025\/05\/Senza-titolo-500-x-500-px.png","width":500,"height":500},{"@type":"BreadcrumbList","@id":"https:\/\/duedformazione.it\/?page_id=15083#breadcrumb","itemListElement":[{"@type":"ListItem","position":1,"name":"Home","item":"https:\/\/duedformazione.it\/"},{"@type":"ListItem","position":2,"name":"Universit\u00e0 Telematiche"}]},{"@type":"WebSite","@id":"https:\/\/duedformazione.it\/#website","url":"https:\/\/duedformazione.it\/","name":"2D Formazione","description":"La tua formazione, il tuo futuro.","publisher":{"@id":"https:\/\/duedformazione.it\/#organization"},"alternateName":"Ente di Formazione 2D","potentialAction":[{"@type":"SearchAction","target":{"@type":"EntryPoint","urlTemplate":"https:\/\/duedformazione.it\/?s={search_term_string}"},"query-input":{"@type":"PropertyValueSpecification","valueRequired":true,"valueName":"search_term_string"}}],"inLanguage":"it-IT"},{"@type":"Organization","@id":"https:\/\/duedformazione.it\/#organization","name":"2D Ente di Formazione e Polo didattico universit\u00e0 telematiche","url":"https:\/\/duedformazione.it\/","logo":{"@type":"ImageObject","inLanguage":"it-IT","@id":"https:\/\/duedformazione.it\/#\/schema\/logo\/image\/","url":"https:\/\/duedformazione.it\/wp-content\/uploads\/2024\/06\/linkedin-profilo.png","contentUrl":"https:\/\/duedformazione.it\/wp-content\/uploads\/2024\/06\/linkedin-profilo.png","width":800,"height":800,"caption":"2D Ente di Formazione e Polo didattico universit\u00e0 telematiche"},"image":{"@id":"https:\/\/duedformazione.it\/#\/schema\/logo\/image\/"},"sameAs":["https:\/\/www.instagram.com\/2dformazione\/"]}]}},"_links":{"self":[{"href":"https:\/\/duedformazione.it\/index.php?rest_route=\/wp\/v2\/pages\/15083","targetHints":{"allow":["GET"]}}],"collection":[{"href":"https:\/\/duedformazione.it\/index.php?rest_route=\/wp\/v2\/pages"}],"about":[{"href":"https:\/\/duedformazione.it\/index.php?rest_route=\/wp\/v2\/types\/page"}],"author":[{"embeddable":true,"href":"https:\/\/duedformazione.it\/index.php?rest_route=\/wp\/v2\/users\/3"}],"replies":[{"embeddable":true,"href":"https:\/\/duedformazione.it\/index.php?rest_route=%2Fwp%2Fv2%2Fcomments&post=15083"}],"version-history":[{"count":212,"href":"https:\/\/duedformazione.it\/index.php?rest_route=\/wp\/v2\/pages\/15083\/revisions"}],"predecessor-version":[{"id":25052,"href":"https:\/\/duedformazione.it\/index.php?rest_route=\/wp\/v2\/pages\/15083\/revisions\/25052"}],"wp:attachment":[{"href":"https:\/\/duedformazione.it\/index.php?rest_route=%2Fwp%2Fv2%2Fmedia&parent=15083"}],"curies":[{"name":"wp","href":"https:\/\/api.w.org\/{rel}","templated":true}]}}